{"id":1086,"date":"2013-10-16T09:14:18","date_gmt":"2013-10-16T09:14:18","guid":{"rendered":"http:\/\/www.rocdumaroc.com\/?page_id=1086"},"modified":"2023-10-26T10:11:49","modified_gmt":"2023-10-26T10:11:49","slug":"organisatie","status":"publish","type":"page","link":"https:\/\/www.rocdumaroc.com\/de\/organisatie\/","title":{"rendered":"Organisation"},"content":{"rendered":"<p><strong style=\"line-height: 1.5em;\">Gert Duson und Elisabeth Haldermans<\/strong><\/p>\n<p><a href=\"https:\/\/www.rocdumaroc.com\/de\/organisatie\/img_3846\/#main\" rel=\"attachment wp-att-8601\"><img fetchpriority=\"high\" decoding=\"async\" class=\"alignnone size-full wp-image-8601\" src=\"https:\/\/www.rocdumaroc.com\/wp-content\/uploads\/2019\/10\/IMG_3846.jpg\" alt=\"\" width=\"1440\" height=\"1080\" srcset=\"https:\/\/www.rocdumaroc.com\/wp-content\/uploads\/2019\/10\/IMG_3846.jpg 1440w, https:\/\/www.rocdumaroc.com\/wp-content\/uploads\/2019\/10\/IMG_3846-300x225.jpg 300w, https:\/\/www.rocdumaroc.com\/wp-content\/uploads\/2019\/10\/IMG_3846-768x576.jpg 768w, https:\/\/www.rocdumaroc.com\/wp-content\/uploads\/2019\/10\/IMG_3846-1024x768.jpg 1024w\" sizes=\"(max-width: 1440px) 100vw, 1440px\" \/><\/a><\/p>\n<p>Vor einigen Jahren lernten sich Gert und Elisabeth durch einen gemeinsamen Freund kennen, der zuvor am Touareg Trail teilgenommen hatte. Seitdem sind sie ein unzertrennliches Team und die treibende Kraft hinter einer Handvoll abenteuerlicher Expeditionen in Afrika, darunter die Togo Jungle Challenge seit 5 Jahren und die Togo Jungle Challenge seit 10 Jahren. <a href=\"https:\/\/morocco-desert-challenge.com\/\">Herausforderung W\u00fcste Marokko<\/a>. Gert ist der Afrika-Spezialist des Duos. Nach vielen Jahren intensiven Alleinreisens, Bergsteigens und humanit\u00e4rer Expeditionen fuhren er und Christophe Porteman unter anderem Br\u00fcssel-Kapstadt mit einem 2CV und Br\u00fcssel-Dakar mit einem Renault R4. Mit seiner pers\u00f6nlichen Erfahrung in mittlerweile 37 afrikanischen L\u00e4ndern und zahlreichen Trans-Sahara-Expeditionen wurde Gert zum Gastredner des Expeditions-Beratungsteams der Royal Geographic Society in London. Gert ist auch der Initiator und die treibende Kraft hinter der 2CV-Rallye Touareg-Trail, der Dakar Adventure Challenge und der Morocco Desert Challenge (400 Teilnehmer). Seine Br\u00fcssel-Kapstadt-Abenteuer sind in Buchform erschienen und k\u00f6nnen in \u201cEine seltsame Ente in Afrika\u201d, erschienen bei Lannoo, ausf\u00fchrlich nachgelesen werden. Rund um dieses Thema hat Gert mehr als 190 Vortragsabende in Flandern und den Niederlanden gehalten.<\/p>\n<p>Elisabeth wiederum ist die leidenschaftliche Radfahrerin von beiden. Vor etwa sechs Jahren entstand bei der Erkundung des Touareg-Trails die Idee, in Afrika etwas mit dem Rad zu unternehmen. Mit Gert's Afrika-Kenntnissen und seinen guten Kontakten in Togo und Benin musste es doch m\u00f6glich sein, dort eine Mountainbike-Challenge auszuarbeiten. Inzwischen hat sich dieses Konzept zu einem der gr\u00f6\u00dften Mountainbike-Events auf westafrikanischem Boden entwickelt. Jedes Jahr melden sich mehr als 120 Teilnehmer f\u00fcr die Veranstaltung an.<\/p>\n<p>Um so wenig wie m\u00f6glich dem Zufall zu \u00fcberlassen, k\u00f6nnen Gert und Elisabeth auf die bedingungslose Unterst\u00fctzung eines leidenschaftlichen Teams von etwa 20 Mitarbeitern z\u00e4hlen (darunter Aufkl\u00e4rer, K\u00f6che, \u00c4rzte, Krankenschwestern, Mechaniker, Fotografen, Fahrer, GPS-Spezialisten, Sporttrainer usw.).<\/p>\n<p><a href=\"http:\/\/www.rocdumaroc.com\/de\/organisatie\/_j758125\/#main\" rel=\"attachment wp-att-7718\"><img decoding=\"async\" class=\"alignnone size-full wp-image-7718\" src=\"http:\/\/www.rocdumaroc.com\/wp-content\/uploads\/2018\/12\/J758125.jpg\" alt=\"\" width=\"1327\" height=\"753\" srcset=\"https:\/\/www.rocdumaroc.com\/wp-content\/uploads\/2018\/12\/J758125.jpg 1327w, https:\/\/www.rocdumaroc.com\/wp-content\/uploads\/2018\/12\/J758125-300x170.jpg 300w, https:\/\/www.rocdumaroc.com\/wp-content\/uploads\/2018\/12\/J758125-768x436.jpg 768w, https:\/\/www.rocdumaroc.com\/wp-content\/uploads\/2018\/12\/J758125-1024x581.jpg 1024w\" sizes=\"(max-width: 1327px) 100vw, 1327px\" \/><\/a><\/p>\n<p>Damit die Logistik reibungslos funktioniert, verf\u00fcgen Gert und Elisabeth \u00fcber mehrere Lastwagen (u. a. f\u00fcr Catering, technische Hilfe und Materialtransport) und mehrere Gel\u00e4ndewagen.<\/p>\n<p>&nbsp;<\/p>\n<p>&nbsp; &nbsp;<a href=\"http:\/\/www.rocdumaroc.com\/de\/organisatie\/_alx7500\/#main\" rel=\"attachment wp-att-7730\"><img decoding=\"async\" class=\"alignnone size-full wp-image-7730\" src=\"http:\/\/www.rocdumaroc.com\/wp-content\/uploads\/2018\/12\/ALX7500.jpg\" alt=\"\" width=\"1536\" height=\"1025\" srcset=\"https:\/\/www.rocdumaroc.com\/wp-content\/uploads\/2018\/12\/ALX7500.jpg 1536w, https:\/\/www.rocdumaroc.com\/wp-content\/uploads\/2018\/12\/ALX7500-225x150.jpg 225w, https:\/\/www.rocdumaroc.com\/wp-content\/uploads\/2018\/12\/ALX7500-300x200.jpg 300w, https:\/\/www.rocdumaroc.com\/wp-content\/uploads\/2018\/12\/ALX7500-768x513.jpg 768w, https:\/\/www.rocdumaroc.com\/wp-content\/uploads\/2018\/12\/ALX7500-1024x683.jpg 1024w\" sizes=\"(max-width: 1536px) 100vw, 1536px\" \/><\/a> &nbsp;<a href=\"http:\/\/www.rocdumaroc.com\/de\/organisatie\/_f814927-2\/#main\" rel=\"attachment wp-att-7736\"><img loading=\"lazy\" decoding=\"async\" class=\"alignnone size-full wp-image-7736\" src=\"http:\/\/www.rocdumaroc.com\/wp-content\/uploads\/2018\/12\/F814927.jpg\" alt=\"\" width=\"1224\" height=\"817\" srcset=\"https:\/\/www.rocdumaroc.com\/wp-content\/uploads\/2018\/12\/F814927.jpg 1224w, https:\/\/www.rocdumaroc.com\/wp-content\/uploads\/2018\/12\/F814927-225x150.jpg 225w, https:\/\/www.rocdumaroc.com\/wp-content\/uploads\/2018\/12\/F814927-300x200.jpg 300w, https:\/\/www.rocdumaroc.com\/wp-content\/uploads\/2018\/12\/F814927-768x513.jpg 768w, https:\/\/www.rocdumaroc.com\/wp-content\/uploads\/2018\/12\/F814927-1024x684.jpg 1024w\" sizes=\"(max-width: 1224px) 100vw, 1224px\" \/><\/a> <a href=\"http:\/\/www.rocdumaroc.com\/de\/organisatie\/_f817495\/#main\" rel=\"attachment wp-att-7739\"><img loading=\"lazy\" decoding=\"async\" class=\"alignnone size-full wp-image-7739\" src=\"http:\/\/www.rocdumaroc.com\/wp-content\/uploads\/2018\/12\/F817495.jpg\" alt=\"\" width=\"1230\" height=\"812\" srcset=\"https:\/\/www.rocdumaroc.com\/wp-content\/uploads\/2018\/12\/F817495.jpg 1230w, https:\/\/www.rocdumaroc.com\/wp-content\/uploads\/2018\/12\/F817495-225x150.jpg 225w, https:\/\/www.rocdumaroc.com\/wp-content\/uploads\/2018\/12\/F817495-300x198.jpg 300w, https:\/\/www.rocdumaroc.com\/wp-content\/uploads\/2018\/12\/F817495-768x507.jpg 768w, https:\/\/www.rocdumaroc.com\/wp-content\/uploads\/2018\/12\/F817495-1024x676.jpg 1024w\" sizes=\"(max-width: 1230px) 100vw, 1230px\" \/><\/a> <a href=\"http:\/\/www.rocdumaroc.com\/de\/organisatie\/_alx9698\/#main\" rel=\"attachment wp-att-7742\"><img loading=\"lazy\" decoding=\"async\" class=\"alignnone size-full wp-image-7742\" src=\"http:\/\/www.rocdumaroc.com\/wp-content\/uploads\/2018\/12\/ALX9698.jpg\" alt=\"\" width=\"1536\" height=\"1025\" srcset=\"https:\/\/www.rocdumaroc.com\/wp-content\/uploads\/2018\/12\/ALX9698.jpg 1536w, https:\/\/www.rocdumaroc.com\/wp-content\/uploads\/2018\/12\/ALX9698-225x150.jpg 225w, https:\/\/www.rocdumaroc.com\/wp-content\/uploads\/2018\/12\/ALX9698-300x200.jpg 300w, https:\/\/www.rocdumaroc.com\/wp-content\/uploads\/2018\/12\/ALX9698-768x513.jpg 768w, https:\/\/www.rocdumaroc.com\/wp-content\/uploads\/2018\/12\/ALX9698-1024x683.jpg 1024w\" sizes=\"(max-width: 1536px) 100vw, 1536px\" \/><\/a> <a href=\"http:\/\/www.rocdumaroc.com\/de\/organisatie\/_alx1990\/#main\" rel=\"attachment wp-att-7745\"><img loading=\"lazy\" decoding=\"async\" class=\"alignnone size-full wp-image-7745\" src=\"http:\/\/www.rocdumaroc.com\/wp-content\/uploads\/2018\/12\/ALX1990.jpg\" alt=\"\" width=\"1536\" height=\"1025\" srcset=\"https:\/\/www.rocdumaroc.com\/wp-content\/uploads\/2018\/12\/ALX1990.jpg 1536w, https:\/\/www.rocdumaroc.com\/wp-content\/uploads\/2018\/12\/ALX1990-225x150.jpg 225w, https:\/\/www.rocdumaroc.com\/wp-content\/uploads\/2018\/12\/ALX1990-300x200.jpg 300w, https:\/\/www.rocdumaroc.com\/wp-content\/uploads\/2018\/12\/ALX1990-768x513.jpg 768w, https:\/\/www.rocdumaroc.com\/wp-content\/uploads\/2018\/12\/ALX1990-1024x683.jpg 1024w\" sizes=\"(max-width: 1536px) 100vw, 1536px\" \/><\/a><\/p>","protected":false},"excerpt":{"rendered":"<p>Gert Duson en Elisabeth Haldermans Enkele jaren geleden leerden Gert en Elisabeth mekaar kennen via een gezamenlijke vriend die eerder deelnam aan de Touareg Trail. Inmiddels vormen ze een onafscheidelijk team en zijn ze de drijvende kracht achter een handvol avontuurlijke expedities in Afrika waaronder sinds 5 jaar de Togo Jungle Challenge &nbsp;en sinds 10 &#8230; <a title=\"Organisation\" class=\"read-more\" href=\"https:\/\/www.rocdumaroc.com\/de\/organisatie\/\" aria-label=\"Mehr Informationen \u00fcber Organisatie\">Mehr lesen<\/a><\/p>","protected":false},"author":3,"featured_media":7914,"parent":0,"menu_order":0,"comment_status":"closed","ping_status":"closed","template":"","meta":{"ngg_post_thumbnail":0,"generate_page_header":"","footnotes":""},"class_list":["post-1086","page","type-page","status-publish","has-post-thumbnail"],"yoast_head":"<!-- This site is optimized with the Yoast SEO plugin v27.4 - https:\/\/yoast.com\/product\/yoast-seo-wordpress\/ -->\n<title>Organisatie - Roc Du Maroc<\/title>\n<meta name=\"robots\" content=\"index, follow, max-snippet:-1, max-image-preview:large, max-video-preview:-1\" \/>\n<link rel=\"canonical\" href=\"https:\/\/www.rocdumaroc.com\/de\/organisatie\/\" \/>\n<meta property=\"og:locale\" content=\"de_DE\" \/>\n<meta property=\"og:type\" content=\"article\" \/>\n<meta property=\"og:title\" content=\"Organisatie - Roc Du Maroc\" \/>\n<meta property=\"og:description\" content=\"Gert Duson en Elisabeth Haldermans Enkele jaren geleden leerden Gert en Elisabeth mekaar kennen via een gezamenlijke vriend die eerder deelnam aan de Touareg Trail. Inmiddels vormen ze een onafscheidelijk team en zijn ze de drijvende kracht achter een handvol avontuurlijke expedities in Afrika waaronder sinds 5 jaar de Togo Jungle Challenge &nbsp;en sinds 10 ... Read more\" \/>\n<meta property=\"og:url\" content=\"https:\/\/www.rocdumaroc.com\/de\/organisatie\/\" \/>\n<meta property=\"og:site_name\" content=\"Roc Du Maroc\" \/>\n<meta property=\"article:publisher\" content=\"https:\/\/www.facebook.com\/rocdumaroc\/\" \/>\n<meta property=\"article:modified_time\" content=\"2023-10-26T10:11:49+00:00\" \/>\n<meta property=\"og:image\" content=\"https:\/\/www.rocdumaroc.com\/wp-content\/uploads\/2019\/01\/header-roc-du-maroc-10.jpg\" \/>\n\t<meta property=\"og:image:width\" content=\"1500\" \/>\n\t<meta property=\"og:image:height\" content=\"400\" \/>\n\t<meta property=\"og:image:type\" content=\"image\/jpeg\" \/>\n<meta name=\"twitter:card\" content=\"summary_large_image\" \/>\n<meta name=\"twitter:label1\" content=\"Gesch\u00e4tzte Lesezeit\" \/>\n\t<meta name=\"twitter:data1\" content=\"4\u00a0Minuten\" \/>\n<script type=\"application\/ld+json\" class=\"yoast-schema-graph\">{\"@context\":\"https:\\\/\\\/schema.org\",\"@graph\":[{\"@type\":\"WebPage\",\"@id\":\"https:\\\/\\\/www.rocdumaroc.com\\\/organisatie\\\/\",\"url\":\"https:\\\/\\\/www.rocdumaroc.com\\\/organisatie\\\/\",\"name\":\"Organisatie - Roc Du Maroc\",\"isPartOf\":{\"@id\":\"https:\\\/\\\/www.rocdumaroc.com\\\/#website\"},\"primaryImageOfPage\":{\"@id\":\"https:\\\/\\\/www.rocdumaroc.com\\\/organisatie\\\/#primaryimage\"},\"image\":{\"@id\":\"https:\\\/\\\/www.rocdumaroc.com\\\/organisatie\\\/#primaryimage\"},\"thumbnailUrl\":\"https:\\\/\\\/www.rocdumaroc.com\\\/wp-content\\\/uploads\\\/2019\\\/01\\\/header-roc-du-maroc-10.jpg\",\"datePublished\":\"2013-10-16T09:14:18+00:00\",\"dateModified\":\"2023-10-26T10:11:49+00:00\",\"breadcrumb\":{\"@id\":\"https:\\\/\\\/www.rocdumaroc.com\\\/organisatie\\\/#breadcrumb\"},\"inLanguage\":\"de\",\"potentialAction\":[{\"@type\":\"ReadAction\",\"target\":[\"https:\\\/\\\/www.rocdumaroc.com\\\/organisatie\\\/\"]}]},{\"@type\":\"ImageObject\",\"inLanguage\":\"de\",\"@id\":\"https:\\\/\\\/www.rocdumaroc.com\\\/organisatie\\\/#primaryimage\",\"url\":\"https:\\\/\\\/www.rocdumaroc.com\\\/wp-content\\\/uploads\\\/2019\\\/01\\\/header-roc-du-maroc-10.jpg\",\"contentUrl\":\"https:\\\/\\\/www.rocdumaroc.com\\\/wp-content\\\/uploads\\\/2019\\\/01\\\/header-roc-du-maroc-10.jpg\",\"width\":1500,\"height\":400},{\"@type\":\"BreadcrumbList\",\"@id\":\"https:\\\/\\\/www.rocdumaroc.com\\\/organisatie\\\/#breadcrumb\",\"itemListElement\":[{\"@type\":\"ListItem\",\"position\":1,\"name\":\"Home\",\"item\":\"https:\\\/\\\/www.rocdumaroc.com\\\/\"},{\"@type\":\"ListItem\",\"position\":2,\"name\":\"Organisatie\"}]},{\"@type\":\"WebSite\",\"@id\":\"https:\\\/\\\/www.rocdumaroc.com\\\/#website\",\"url\":\"https:\\\/\\\/www.rocdumaroc.com\\\/\",\"name\":\"Roc Du Maroc\",\"description\":\"Extreme mountainbike endurance\",\"publisher\":{\"@id\":\"https:\\\/\\\/www.rocdumaroc.com\\\/#organization\"},\"potentialAction\":[{\"@type\":\"SearchAction\",\"target\":{\"@type\":\"EntryPoint\",\"urlTemplate\":\"https:\\\/\\\/www.rocdumaroc.com\\\/?s={search_term_string}\"},\"query-input\":{\"@type\":\"PropertyValueSpecification\",\"valueRequired\":true,\"valueName\":\"search_term_string\"}}],\"inLanguage\":\"de\"},{\"@type\":\"Organization\",\"@id\":\"https:\\\/\\\/www.rocdumaroc.com\\\/#organization\",\"name\":\"Roc Du Maroc\",\"url\":\"https:\\\/\\\/www.rocdumaroc.com\\\/\",\"logo\":{\"@type\":\"ImageObject\",\"inLanguage\":\"de\",\"@id\":\"https:\\\/\\\/www.rocdumaroc.com\\\/#\\\/schema\\\/logo\\\/image\\\/\",\"url\":\"https:\\\/\\\/www.rocdumaroc.com\\\/wp-content\\\/uploads\\\/2018\\\/07\\\/cropped-logo.png\",\"contentUrl\":\"https:\\\/\\\/www.rocdumaroc.com\\\/wp-content\\\/uploads\\\/2018\\\/07\\\/cropped-logo.png\",\"width\":260,\"height\":197,\"caption\":\"Roc Du Maroc\"},\"image\":{\"@id\":\"https:\\\/\\\/www.rocdumaroc.com\\\/#\\\/schema\\\/logo\\\/image\\\/\"},\"sameAs\":[\"https:\\\/\\\/www.facebook.com\\\/rocdumaroc\\\/\"]}]}<\/script>\n<!-- \/ Yoast SEO plugin. -->","yoast_head_json":{"title":"Organisatie - Roc Du Maroc","robots":{"index":"index","follow":"follow","max-snippet":"max-snippet:-1","max-image-preview":"max-image-preview:large","max-video-preview":"max-video-preview:-1"},"canonical":"https:\/\/www.rocdumaroc.com\/de\/organisatie\/","og_locale":"de_DE","og_type":"article","og_title":"Organisatie - Roc Du Maroc","og_description":"Gert Duson en Elisabeth Haldermans Enkele jaren geleden leerden Gert en Elisabeth mekaar kennen via een gezamenlijke vriend die eerder deelnam aan de Touareg Trail. Inmiddels vormen ze een onafscheidelijk team en zijn ze de drijvende kracht achter een handvol avontuurlijke expedities in Afrika waaronder sinds 5 jaar de Togo Jungle Challenge &nbsp;en sinds 10 ... Read more","og_url":"https:\/\/www.rocdumaroc.com\/de\/organisatie\/","og_site_name":"Roc Du Maroc","article_publisher":"https:\/\/www.facebook.com\/rocdumaroc\/","article_modified_time":"2023-10-26T10:11:49+00:00","og_image":[{"width":1500,"height":400,"url":"https:\/\/www.rocdumaroc.com\/wp-content\/uploads\/2019\/01\/header-roc-du-maroc-10.jpg","type":"image\/jpeg"}],"twitter_card":"summary_large_image","twitter_misc":{"Gesch\u00e4tzte Lesezeit":"4\u00a0Minuten"},"schema":{"@context":"https:\/\/schema.org","@graph":[{"@type":"WebPage","@id":"https:\/\/www.rocdumaroc.com\/organisatie\/","url":"https:\/\/www.rocdumaroc.com\/organisatie\/","name":"Organisatie - Roc Du Maroc","isPartOf":{"@id":"https:\/\/www.rocdumaroc.com\/#website"},"primaryImageOfPage":{"@id":"https:\/\/www.rocdumaroc.com\/organisatie\/#primaryimage"},"image":{"@id":"https:\/\/www.rocdumaroc.com\/organisatie\/#primaryimage"},"thumbnailUrl":"https:\/\/www.rocdumaroc.com\/wp-content\/uploads\/2019\/01\/header-roc-du-maroc-10.jpg","datePublished":"2013-10-16T09:14:18+00:00","dateModified":"2023-10-26T10:11:49+00:00","breadcrumb":{"@id":"https:\/\/www.rocdumaroc.com\/organisatie\/#breadcrumb"},"inLanguage":"de","potentialAction":[{"@type":"ReadAction","target":["https:\/\/www.rocdumaroc.com\/organisatie\/"]}]},{"@type":"ImageObject","inLanguage":"de","@id":"https:\/\/www.rocdumaroc.com\/organisatie\/#primaryimage","url":"https:\/\/www.rocdumaroc.com\/wp-content\/uploads\/2019\/01\/header-roc-du-maroc-10.jpg","contentUrl":"https:\/\/www.rocdumaroc.com\/wp-content\/uploads\/2019\/01\/header-roc-du-maroc-10.jpg","width":1500,"height":400},{"@type":"BreadcrumbList","@id":"https:\/\/www.rocdumaroc.com\/organisatie\/#breadcrumb","itemListElement":[{"@type":"ListItem","position":1,"name":"Home","item":"https:\/\/www.rocdumaroc.com\/"},{"@type":"ListItem","position":2,"name":"Organisatie"}]},{"@type":"WebSite","@id":"https:\/\/www.rocdumaroc.com\/#website","url":"https:\/\/www.rocdumaroc.com\/","name":"Roc Du Maroc","description":"Extreme Mountainbike-Ausdauer","publisher":{"@id":"https:\/\/www.rocdumaroc.com\/#organization"},"potentialAction":[{"@type":"SearchAction","target":{"@type":"EntryPoint","urlTemplate":"https:\/\/www.rocdumaroc.com\/?s={search_term_string}"},"query-input":{"@type":"PropertyValueSpecification","valueRequired":true,"valueName":"search_term_string"}}],"inLanguage":"de"},{"@type":"Organization","@id":"https:\/\/www.rocdumaroc.com\/#organization","name":"Roc Du Maroc","url":"https:\/\/www.rocdumaroc.com\/","logo":{"@type":"ImageObject","inLanguage":"de","@id":"https:\/\/www.rocdumaroc.com\/#\/schema\/logo\/image\/","url":"https:\/\/www.rocdumaroc.com\/wp-content\/uploads\/2018\/07\/cropped-logo.png","contentUrl":"https:\/\/www.rocdumaroc.com\/wp-content\/uploads\/2018\/07\/cropped-logo.png","width":260,"height":197,"caption":"Roc Du Maroc"},"image":{"@id":"https:\/\/www.rocdumaroc.com\/#\/schema\/logo\/image\/"},"sameAs":["https:\/\/www.facebook.com\/rocdumaroc\/"]}]}},"_links":{"self":[{"href":"https:\/\/www.rocdumaroc.com\/de\/wp-json\/wp\/v2\/pages\/1086","targetHints":{"allow":["GET"]}}],"collection":[{"href":"https:\/\/www.rocdumaroc.com\/de\/wp-json\/wp\/v2\/pages"}],"about":[{"href":"https:\/\/www.rocdumaroc.com\/de\/wp-json\/wp\/v2\/types\/page"}],"author":[{"embeddable":true,"href":"https:\/\/www.rocdumaroc.com\/de\/wp-json\/wp\/v2\/users\/3"}],"replies":[{"embeddable":true,"href":"https:\/\/www.rocdumaroc.com\/de\/wp-json\/wp\/v2\/comments?post=1086"}],"version-history":[{"count":0,"href":"https:\/\/www.rocdumaroc.com\/de\/wp-json\/wp\/v2\/pages\/1086\/revisions"}],"wp:featuredmedia":[{"embeddable":true,"href":"https:\/\/www.rocdumaroc.com\/de\/wp-json\/wp\/v2\/media\/7914"}],"wp:attachment":[{"href":"https:\/\/www.rocdumaroc.com\/de\/wp-json\/wp\/v2\/media?parent=1086"}],"curies":[{"name":"wp","href":"https:\/\/api.w.org\/{rel}","templated":true}]}}